{"id":812,"date":"2022-09-13T08:51:17","date_gmt":"2022-09-13T08:51:17","guid":{"rendered":"https:\/\/konstruktion.vamtam.com\/?page_id=812"},"modified":"2025-11-01T21:24:08","modified_gmt":"2025-11-01T21:24:08","slug":"biz-kimiz","status":"publish","type":"page","link":"https:\/\/ttcwa.com\/en\/biz-kimiz\/","title":{"rendered":"Who We Are"},"content":{"rendered":"<div data-elementor-type=\"wp-page\" data-elementor-id=\"812\" class=\"elementor elementor-812\" data-elementor-post-type=\"page\">\n\t\t\t\t\t\t<section class=\"elementor-section elementor-top-section elementor-element elementor-element-50582fc elementor-section-boxed elementor-section-height-default elementor-section-height-default\" data-id=\"50582fc\" data-element_type=\"section\">\n\t\t\t\t\t\t<div class=\"elementor-container elementor-column-gap-no\">\n\t\t\t\t\t<div class=\"elementor-column elementor-col-50 elementor-top-column elementor-element elementor-element-051d7f9\" data-id=\"051d7f9\" data-element_type=\"column\">\n\t\t\t<div class=\"elementor-widget-wrap elementor-element-populated\">\n\t\t\t\t\t\t<div class=\"elementor-element elementor-element-0c9142b elementor-position-right elementor-widget__width-auto elementor-mobile-position-right elementor-widget-mobile__width-auto elementor-view-default elementor-invisible elementor-widget elementor-widget-icon-box\" data-id=\"0c9142b\" data-element_type=\"widget\" data-settings=\"{&quot;_animation&quot;:&quot;slideInUp&quot;}\" data-widget_type=\"icon-box.default\">\n\t\t\t\t<div class=\"elementor-widget-container\">\n\t\t\t\t\t\t\t<div class=\"elementor-icon-box-wrapper\">\n\n\t\t\t\t\t\t<div class=\"elementor-icon-box-icon\">\n\t\t\t\t<span  class=\"elementor-icon\">\n\t\t\t\t<i aria-hidden=\"true\" class=\"vamtamtheme- vamtam-theme-line-titles\"><\/i>\t\t\t\t<\/span>\n\t\t\t<\/div>\n\t\t\t\n\t\t\t\t\t\t<div class=\"elementor-icon-box-content\">\n\n\t\t\t\t\t\t\t\t\t<span class=\"elementor-icon-box-title\">\n\t\t\t\t\t\t<span  >\n\t\t\t\t\t\t\tBriefly\t\t\t\t\t\t<\/span>\n\t\t\t\t\t<\/span>\n\t\t\t\t\n\t\t\t\t\n\t\t\t<\/div>\n\t\t\t\n\t\t<\/div>\n\t\t\t\t\t\t<\/div>\n\t\t\t\t<\/div>\n\t\t\t\t\t<\/div>\n\t\t<\/div>\n\t\t\t\t<div class=\"elementor-column elementor-col-50 elementor-top-column elementor-element elementor-element-f75dbc0\" data-id=\"f75dbc0\" data-element_type=\"column\">\n\t\t\t<div class=\"elementor-widget-wrap elementor-element-populated\">\n\t\t\t\t\t\t<div class=\"elementor-element elementor-element-67b1ecd elementor-widget__width-initial elementor-widget elementor-widget-text-editor\" data-id=\"67b1ecd\" data-element_type=\"widget\" data-widget_type=\"text-editor.default\">\n\t\t\t\t<div class=\"elementor-widget-container\">\n\t\t\t\t\t\t\t\t\tTryphene Trading &amp; Consulting, founded in 2023 by Abdullah Haluk \u0130lhan in Abidjan, Ivory Coast, is a company operating in global management consulting and business development. By providing local personnel support in West African markets, it aims to accelerate and enhance the success of Turkish companies\u2019 operations in the region.\t\t\t\t\t\t\t\t<\/div>\n\t\t\t\t<\/div>\n\t\t\t\t\t<\/div>\n\t\t<\/div>\n\t\t\t\t\t<\/div>\n\t\t<\/section>\n\t\t\t\t<section class=\"elementor-section elementor-top-section elementor-element elementor-element-85838df elementor-section-boxed elementor-section-height-default elementor-section-height-default\" data-id=\"85838df\" data-element_type=\"section\" data-settings=\"{&quot;background_background&quot;:&quot;classic&quot;}\">\n\t\t\t\t\t\t<div class=\"elementor-container elementor-column-gap-no\">\n\t\t\t\t\t<div class=\"elementor-column elementor-col-33 elementor-top-column elementor-element elementor-element-f9f4977\" data-id=\"f9f4977\" data-element_type=\"column\">\n\t\t\t<div class=\"elementor-widget-wrap elementor-element-populated\">\n\t\t\t\t\t\t<div class=\"elementor-element elementor-element-5ccea44 elementor-widget elementor-widget-heading\" data-id=\"5ccea44\" data-element_type=\"widget\" data-widget_type=\"heading.default\">\n\t\t\t\t<div class=\"elementor-widget-container\">\n\t\t\t\t\t<h2 class=\"elementor-heading-title elementor-size-default\">Haluk ILHAN<\/h2>\t\t\t\t<\/div>\n\t\t\t\t<\/div>\n\t\t\t\t<div class=\"elementor-element elementor-element-df5fa2f elementor-widget elementor-widget-heading\" data-id=\"df5fa2f\" data-element_type=\"widget\" data-widget_type=\"heading.default\">\n\t\t\t\t<div class=\"elementor-widget-container\">\n\t\t\t\t\t<span class=\"elementor-heading-title elementor-size-default\">Founder \/ Chief Executive Officer<\/span>\t\t\t\t<\/div>\n\t\t\t\t<\/div>\n\t\t\t\t<div class=\"vamtam-has-theme-widget-styles elementor-element elementor-element-9332222 vamtam-has-underline-anim elementor-widget elementor-widget-button\" data-id=\"9332222\" data-element_type=\"widget\" data-widget_type=\"button.default\">\n\t\t\t\t<div class=\"elementor-widget-container\">\n\t\t\t\t\t\t\t\t\t<div class=\"elementor-button-wrapper\">\n\t\t\t\t\t<a class=\"elementor-button elementor-button-link elementor-size-sm\" href=\"https:\/\/www.linkedin.com\/in\/haluk-ilhan-31129a1\/\" target=\"_blank\">\n\t\t\t\t\t\t<span class=\"elementor-button-content-wrapper\">\n\t\t\t\t\t\t\t\t\t<span class=\"elementor-button-text\">LINKEDIN'DE TAK\u0130P ET<\/span>\n\t\t\t\t\t<\/span>\n\t\t\t\t\t<\/a>\n\t\t\t\t<\/div>\n\t\t\t\t\t\t\t\t<\/div>\n\t\t\t\t<\/div>\n\t\t\t\t\t<\/div>\n\t\t<\/div>\n\t\t\t\t<div class=\"elementor-column elementor-col-33 elementor-top-column elementor-element elementor-element-eb1ef54\" data-id=\"eb1ef54\" data-element_type=\"column\">\n\t\t\t<div class=\"elementor-widget-wrap elementor-element-populated\">\n\t\t\t\t\t\t<div class=\"elementor-element elementor-element-9e7a93c elementor-widget__width-initial elementor-widget elementor-widget-image\" data-id=\"9e7a93c\" data-element_type=\"widget\" data-widget_type=\"image.default\">\n\t\t\t\t<div class=\"elementor-widget-container\">\n\t\t\t\t\t\t\t\t\t\t\t\t\t\t\t<img fetchpriority=\"high\" decoding=\"async\" width=\"310\" height=\"500\" src=\"https:\/\/ttcwa.com\/wp-content\/uploads\/2023\/05\/kV2XAKBW_400x400-1.jpg\" class=\"attachment-large size-large wp-image-13167\" alt=\"\" srcset=\"https:\/\/ttcwa.com\/wp-content\/uploads\/2023\/05\/kV2XAKBW_400x400-1.jpg 310w, https:\/\/ttcwa.com\/wp-content\/uploads\/2023\/05\/kV2XAKBW_400x400-1-186x300.jpg 186w\" sizes=\"(max-width: 310px) 100vw, 310px\" \/>\t\t\t\t\t\t\t\t\t\t\t\t\t\t\t<\/div>\n\t\t\t\t<\/div>\n\t\t\t\t\t<\/div>\n\t\t<\/div>\n\t\t\t\t<div class=\"elementor-column elementor-col-33 elementor-top-column elementor-element elementor-element-3e69a09\" data-id=\"3e69a09\" data-element_type=\"column\">\n\t\t\t<div class=\"elementor-widget-wrap elementor-element-populated\">\n\t\t\t\t\t\t<div class=\"elementor-element elementor-element-938a846 elementor-widget__width-initial elementor-widget elementor-widget-text-editor\" data-id=\"938a846\" data-element_type=\"widget\" data-widget_type=\"text-editor.default\">\n\t\t\t\t<div class=\"elementor-widget-container\">\n\t\t\t\t\t\t\t\t\t<p>Dear business partners and clients,<\/p><p>I would like to thank you for your continued trust and support. You are the main reason behind our commitment to providing the best products and services in the market.<\/p><p>We value your feedback and suggestions and are constantly seeking ways to improve and innovate.<\/p><p>We are proud to consider you part of our family and look forward to continuing our collaboration in the years ahead.<\/p><p>Regards,<br \/>Haluk ILHAN<\/p>\t\t\t\t\t\t\t\t<\/div>\n\t\t\t\t<\/div>\n\t\t\t\t\t<\/div>\n\t\t<\/div>\n\t\t\t\t\t<\/div>\n\t\t<\/section>\n\t\t\t\t<section class=\"elementor-section elementor-top-section elementor-element elementor-element-f17484b elementor-reverse-mobile elementor-section-content-bottom elementor-section-boxed elementor-section-height-default elementor-section-height-default\" data-id=\"f17484b\" data-element_type=\"section\">\n\t\t\t\t\t\t<div class=\"elementor-container elementor-column-gap-default\">\n\t\t\t\t\t<div class=\"elementor-column elementor-col-50 elementor-top-column elementor-element elementor-element-e6d41c9 elementor-invisible\" data-id=\"e6d41c9\" data-element_type=\"column\" data-settings=\"{&quot;animation&quot;:&quot;fadeIn&quot;,&quot;animation_delay&quot;:300}\">\n\t\t\t<div class=\"elementor-widget-wrap elementor-element-populated\">\n\t\t\t\t\t\t<div class=\"elementor-element elementor-element-dc47fd3 elementor-widget__width-initial elementor-invisible elementor-widget elementor-widget-text-editor\" data-id=\"dc47fd3\" data-element_type=\"widget\" data-settings=\"{&quot;_animation&quot;:&quot;fadeIn&quot;,&quot;_animation_delay&quot;:300}\" data-widget_type=\"text-editor.default\">\n\t\t\t\t<div class=\"elementor-widget-container\">\n\t\t\t\t\t\t\t\t\t<p><strong>TTC (Tryphene Trading &amp; Consulting)<\/strong>a consulting firm that has established a strong presence in the West African market and provides local personnel support to help Turkish companies succeed on the global stage.<\/p><p><strong>Local Personnel Support;<\/strong>\u00a0Through our Local Personnel Support service, we offer Turkish companies the opportunity to conduct business in the Francophone countries of West Africa. We provide our clients with professional, French-speaking local staff familiar with the region\u2019s cultural dynamics, ensuring operational and administrative management to simplify their business processes.<\/p>\t\t\t\t\t\t\t\t<\/div>\n\t\t\t\t<\/div>\n\t\t\t\t\t<\/div>\n\t\t<\/div>\n\t\t\t\t<div class=\"elementor-column elementor-col-50 elementor-top-column elementor-element elementor-element-29e9fc7\" data-id=\"29e9fc7\" data-element_type=\"column\">\n\t\t\t<div class=\"elementor-widget-wrap elementor-element-populated\">\n\t\t\t\t\t\t<div class=\"elementor-element elementor-element-0260ece elementor-position-right elementor-widget__width-auto elementor-mobile-position-right elementor-widget-mobile__width-auto elementor-view-default elementor-invisible elementor-widget elementor-widget-icon-box\" data-id=\"0260ece\" data-element_type=\"widget\" data-settings=\"{&quot;_animation&quot;:&quot;slideInUp&quot;}\" data-widget_type=\"icon-box.default\">\n\t\t\t\t<div class=\"elementor-widget-container\">\n\t\t\t\t\t\t\t<div class=\"elementor-icon-box-wrapper\">\n\n\t\t\t\t\t\t<div class=\"elementor-icon-box-icon\">\n\t\t\t\t<span  class=\"elementor-icon\">\n\t\t\t\t<i aria-hidden=\"true\" class=\"vamtamtheme- vamtam-theme-line-titles\"><\/i>\t\t\t\t<\/span>\n\t\t\t<\/div>\n\t\t\t\n\t\t\t\t\t\t<div class=\"elementor-icon-box-content\">\n\n\t\t\t\t\t\t\t\t\t<span class=\"elementor-icon-box-title\">\n\t\t\t\t\t\t<span  >\n\t\t\t\t\t\t\tOur Vision\t\t\t\t\t\t<\/span>\n\t\t\t\t\t<\/span>\n\t\t\t\t\n\t\t\t\t\n\t\t\t<\/div>\n\t\t\t\n\t\t<\/div>\n\t\t\t\t\t\t<\/div>\n\t\t\t\t<\/div>\n\t\t\t\t<div class=\"elementor-element elementor-element-c8b41fa elementor-widget__width-initial elementor-invisible elementor-widget elementor-widget-text-editor\" data-id=\"c8b41fa\" data-element_type=\"widget\" data-settings=\"{&quot;_animation&quot;:&quot;fadeIn&quot;,&quot;_animation_delay&quot;:300}\" data-widget_type=\"text-editor.default\">\n\t\t\t\t<div class=\"elementor-widget-container\">\n\t\t\t\t\t\t\t\t\tOur mission is to help Turkish companies establish a strong presence and achieve sustainable growth in the West African market. We aim to provide local staffing solutions tailored to our clients\u2019 needs, supporting them in processes such as market research, sales, and marketing, while ensuring they operate safely and efficiently.\t\t\t\t\t\t\t\t<\/div>\n\t\t\t\t<\/div>\n\t\t\t\t\t<\/div>\n\t\t<\/div>\n\t\t\t\t\t<\/div>\n\t\t<\/section>\n\t\t\t\t<\/div>","protected":false},"excerpt":{"rendered":"<p>Kisaca Tryphene Trading &#038; Consulting, 2023 y\u0131l\u0131nda Abdullah Haluk \u0130lhan taraf\u0131ndan Abidjan, Fildi\u015fi Sahili&#8217;nde kurulmu\u015f, k\u00fcresel y\u00f6netim dan\u0131\u015fmanl\u0131\u011f\u0131 ve i\u015f geli\u015ftirme alanlar\u0131nda faaliyet g\u00f6steren bir \u015firkettir. Bat\u0131 Afrika pazarlar\u0131nda yerel personel deste\u011fi sunarak, T\u00fcrk firmalar\u0131n\u0131n bu b\u00f6lgelerdeki operasyonlar\u0131n\u0131 h\u0131zland\u0131rmay\u0131 ve ba\u015far\u0131ya ta\u015f\u0131may\u0131 hedeflemektedir. Haluk ILHAN Kurucu \/ Chief Executive Officer LINKEDIN&#8217;DE TAK\u0130P ET De\u011ferli i\u015f&#8230;<\/p>","protected":false},"author":1,"featured_media":0,"parent":0,"menu_order":0,"comment_status":"closed","ping_status":"closed","template":"","meta":{"footnotes":""},"class_list":["post-812","page","type-page","status-publish","hentry"],"yoast_head":"<!-- This site is optimized with the Yoast SEO plugin v26.2 - https:\/\/yoast.com\/wordpress\/plugins\/seo\/ -->\n<title>Biz Kimiz - Tryphene Trading &amp; Consulting<\/title>\n<meta name=\"robots\" content=\"index, follow, max-snippet:-1, max-image-preview:large, max-video-preview:-1\" \/>\n<link rel=\"canonical\" href=\"https:\/\/ttcwa.com\/en\/biz-kimiz\/\" \/>\n<meta property=\"og:locale\" content=\"en_GB\" \/>\n<meta property=\"og:type\" content=\"article\" \/>\n<meta property=\"og:title\" content=\"Biz Kimiz - Tryphene Trading &amp; Consulting\" \/>\n<meta property=\"og:description\" content=\"Kisaca Tryphene Trading &#038; Consulting, 2023 y\u0131l\u0131nda Abdullah Haluk \u0130lhan taraf\u0131ndan Abidjan, Fildi\u015fi Sahili&#8217;nde kurulmu\u015f, k\u00fcresel y\u00f6netim dan\u0131\u015fmanl\u0131\u011f\u0131 ve i\u015f geli\u015ftirme alanlar\u0131nda faaliyet g\u00f6steren bir \u015firkettir. Bat\u0131 Afrika pazarlar\u0131nda yerel personel deste\u011fi sunarak, T\u00fcrk firmalar\u0131n\u0131n bu b\u00f6lgelerdeki operasyonlar\u0131n\u0131 h\u0131zland\u0131rmay\u0131 ve ba\u015far\u0131ya ta\u015f\u0131may\u0131 hedeflemektedir. Haluk ILHAN Kurucu \/ Chief Executive Officer LINKEDIN&#8217;DE TAK\u0130P ET De\u011ferli i\u015f...\" \/>\n<meta property=\"og:url\" content=\"https:\/\/ttcwa.com\/en\/biz-kimiz\/\" \/>\n<meta property=\"og:site_name\" content=\"Tryphene Trading &amp; Consulting\" \/>\n<meta property=\"article:publisher\" content=\"https:\/\/www.facebook.com\/TrypheneTrading\" \/>\n<meta property=\"article:modified_time\" content=\"2025-11-01T21:24:08+00:00\" \/>\n<meta property=\"og:image\" content=\"https:\/\/ttcwa.com\/wp-content\/uploads\/2023\/05\/kV2XAKBW_400x400-1.jpg\" \/>\n\t<meta property=\"og:image:width\" content=\"310\" \/>\n\t<meta property=\"og:image:height\" content=\"500\" \/>\n\t<meta property=\"og:image:type\" content=\"image\/jpeg\" \/>\n<meta name=\"twitter:card\" content=\"summary_large_image\" \/>\n<meta name=\"twitter:label1\" content=\"Estimated reading time\" \/>\n\t<meta name=\"twitter:data1\" content=\"2 minutes\" \/>\n<script type=\"application\/ld+json\" class=\"yoast-schema-graph\">{\"@context\":\"https:\/\/schema.org\",\"@graph\":[{\"@type\":\"WebPage\",\"@id\":\"https:\/\/ttcwa.com\/biz-kimiz\/\",\"url\":\"https:\/\/ttcwa.com\/biz-kimiz\/\",\"name\":\"Biz Kimiz - Tryphene Trading &amp; Consulting\",\"isPartOf\":{\"@id\":\"https:\/\/ttcwa.com\/#website\"},\"primaryImageOfPage\":{\"@id\":\"https:\/\/ttcwa.com\/biz-kimiz\/#primaryimage\"},\"image\":{\"@id\":\"https:\/\/ttcwa.com\/biz-kimiz\/#primaryimage\"},\"thumbnailUrl\":\"https:\/\/ttcwa.com\/wp-content\/uploads\/2023\/05\/kV2XAKBW_400x400-1.jpg\",\"datePublished\":\"2022-09-13T08:51:17+00:00\",\"dateModified\":\"2025-11-01T21:24:08+00:00\",\"breadcrumb\":{\"@id\":\"https:\/\/ttcwa.com\/biz-kimiz\/#breadcrumb\"},\"inLanguage\":\"en-GB\",\"potentialAction\":[{\"@type\":\"ReadAction\",\"target\":[\"https:\/\/ttcwa.com\/biz-kimiz\/\"]}]},{\"@type\":\"ImageObject\",\"inLanguage\":\"en-GB\",\"@id\":\"https:\/\/ttcwa.com\/biz-kimiz\/#primaryimage\",\"url\":\"https:\/\/ttcwa.com\/wp-content\/uploads\/2023\/05\/kV2XAKBW_400x400-1.jpg\",\"contentUrl\":\"https:\/\/ttcwa.com\/wp-content\/uploads\/2023\/05\/kV2XAKBW_400x400-1.jpg\"},{\"@type\":\"BreadcrumbList\",\"@id\":\"https:\/\/ttcwa.com\/biz-kimiz\/#breadcrumb\",\"itemListElement\":[{\"@type\":\"ListItem\",\"position\":1,\"name\":\"Home\",\"item\":\"https:\/\/ttcwa.com\/\"},{\"@type\":\"ListItem\",\"position\":2,\"name\":\"Biz Kimiz\"}]},{\"@type\":\"WebSite\",\"@id\":\"https:\/\/ttcwa.com\/#website\",\"url\":\"https:\/\/ttcwa.com\/\",\"name\":\"Tryphene Trading &amp; Consulting\",\"description\":\"Connecting Markets, Creating Opportunities\",\"publisher\":{\"@id\":\"https:\/\/ttcwa.com\/#organization\"},\"potentialAction\":[{\"@type\":\"SearchAction\",\"target\":{\"@type\":\"EntryPoint\",\"urlTemplate\":\"https:\/\/ttcwa.com\/?s={search_term_string}\"},\"query-input\":{\"@type\":\"PropertyValueSpecification\",\"valueRequired\":true,\"valueName\":\"search_term_string\"}}],\"inLanguage\":\"en-GB\"},{\"@type\":\"Organization\",\"@id\":\"https:\/\/ttcwa.com\/#organization\",\"name\":\"Tryphene Trade & Consulting\",\"url\":\"https:\/\/ttcwa.com\/\",\"logo\":{\"@type\":\"ImageObject\",\"inLanguage\":\"en-GB\",\"@id\":\"https:\/\/ttcwa.com\/#\/schema\/logo\/image\/\",\"url\":\"https:\/\/ttcwa.com\/wp-content\/uploads\/2023\/04\/logo-no-bg.png\",\"contentUrl\":\"https:\/\/ttcwa.com\/wp-content\/uploads\/2023\/04\/logo-no-bg.png\",\"width\":1824,\"height\":582,\"caption\":\"Tryphene Trade & Consulting\"},\"image\":{\"@id\":\"https:\/\/ttcwa.com\/#\/schema\/logo\/image\/\"},\"sameAs\":[\"https:\/\/www.facebook.com\/TrypheneTrading\",\"https:\/\/www.instagram.com\/tryphenetrading\/\",\"https:\/\/www.linkedin.com\/company\/tryphene-trading-consulting\/\",\"https:\/\/www.tiktok.com\/@tryphenetrade\"]}]}<\/script>\n<!-- \/ Yoast SEO plugin. -->","yoast_head_json":{"title":"Biz Kimiz - Tryphene Trading &amp; Consulting","robots":{"index":"index","follow":"follow","max-snippet":"max-snippet:-1","max-image-preview":"max-image-preview:large","max-video-preview":"max-video-preview:-1"},"canonical":"https:\/\/ttcwa.com\/en\/biz-kimiz\/","og_locale":"en_GB","og_type":"article","og_title":"Biz Kimiz - Tryphene Trading &amp; Consulting","og_description":"Kisaca Tryphene Trading &#038; Consulting, 2023 y\u0131l\u0131nda Abdullah Haluk \u0130lhan taraf\u0131ndan Abidjan, Fildi\u015fi Sahili&#8217;nde kurulmu\u015f, k\u00fcresel y\u00f6netim dan\u0131\u015fmanl\u0131\u011f\u0131 ve i\u015f geli\u015ftirme alanlar\u0131nda faaliyet g\u00f6steren bir \u015firkettir. Bat\u0131 Afrika pazarlar\u0131nda yerel personel deste\u011fi sunarak, T\u00fcrk firmalar\u0131n\u0131n bu b\u00f6lgelerdeki operasyonlar\u0131n\u0131 h\u0131zland\u0131rmay\u0131 ve ba\u015far\u0131ya ta\u015f\u0131may\u0131 hedeflemektedir. Haluk ILHAN Kurucu \/ Chief Executive Officer LINKEDIN&#8217;DE TAK\u0130P ET De\u011ferli i\u015f...","og_url":"https:\/\/ttcwa.com\/en\/biz-kimiz\/","og_site_name":"Tryphene Trading &amp; Consulting","article_publisher":"https:\/\/www.facebook.com\/TrypheneTrading","article_modified_time":"2025-11-01T21:24:08+00:00","og_image":[{"width":310,"height":500,"url":"https:\/\/ttcwa.com\/wp-content\/uploads\/2023\/05\/kV2XAKBW_400x400-1.jpg","type":"image\/jpeg"}],"twitter_card":"summary_large_image","twitter_misc":{"Estimated reading time":"2 minutes"},"schema":{"@context":"https:\/\/schema.org","@graph":[{"@type":"WebPage","@id":"https:\/\/ttcwa.com\/biz-kimiz\/","url":"https:\/\/ttcwa.com\/biz-kimiz\/","name":"Biz Kimiz - Tryphene Trading &amp; Consulting","isPartOf":{"@id":"https:\/\/ttcwa.com\/#website"},"primaryImageOfPage":{"@id":"https:\/\/ttcwa.com\/biz-kimiz\/#primaryimage"},"image":{"@id":"https:\/\/ttcwa.com\/biz-kimiz\/#primaryimage"},"thumbnailUrl":"https:\/\/ttcwa.com\/wp-content\/uploads\/2023\/05\/kV2XAKBW_400x400-1.jpg","datePublished":"2022-09-13T08:51:17+00:00","dateModified":"2025-11-01T21:24:08+00:00","breadcrumb":{"@id":"https:\/\/ttcwa.com\/biz-kimiz\/#breadcrumb"},"inLanguage":"en-GB","potentialAction":[{"@type":"ReadAction","target":["https:\/\/ttcwa.com\/biz-kimiz\/"]}]},{"@type":"ImageObject","inLanguage":"en-GB","@id":"https:\/\/ttcwa.com\/biz-kimiz\/#primaryimage","url":"https:\/\/ttcwa.com\/wp-content\/uploads\/2023\/05\/kV2XAKBW_400x400-1.jpg","contentUrl":"https:\/\/ttcwa.com\/wp-content\/uploads\/2023\/05\/kV2XAKBW_400x400-1.jpg"},{"@type":"BreadcrumbList","@id":"https:\/\/ttcwa.com\/biz-kimiz\/#breadcrumb","itemListElement":[{"@type":"ListItem","position":1,"name":"Home","item":"https:\/\/ttcwa.com\/"},{"@type":"ListItem","position":2,"name":"Biz Kimiz"}]},{"@type":"WebSite","@id":"https:\/\/ttcwa.com\/#website","url":"https:\/\/ttcwa.com\/","name":"Tryphene Trading &amp; Consulting","description":"Connecting Markets, Creating Opportunities","publisher":{"@id":"https:\/\/ttcwa.com\/#organization"},"potentialAction":[{"@type":"SearchAction","target":{"@type":"EntryPoint","urlTemplate":"https:\/\/ttcwa.com\/?s={search_term_string}"},"query-input":{"@type":"PropertyValueSpecification","valueRequired":true,"valueName":"search_term_string"}}],"inLanguage":"en-GB"},{"@type":"Organization","@id":"https:\/\/ttcwa.com\/#organization","name":"Tryphene Trade & Consulting","url":"https:\/\/ttcwa.com\/","logo":{"@type":"ImageObject","inLanguage":"en-GB","@id":"https:\/\/ttcwa.com\/#\/schema\/logo\/image\/","url":"https:\/\/ttcwa.com\/wp-content\/uploads\/2023\/04\/logo-no-bg.png","contentUrl":"https:\/\/ttcwa.com\/wp-content\/uploads\/2023\/04\/logo-no-bg.png","width":1824,"height":582,"caption":"Tryphene Trade & Consulting"},"image":{"@id":"https:\/\/ttcwa.com\/#\/schema\/logo\/image\/"},"sameAs":["https:\/\/www.facebook.com\/TrypheneTrading","https:\/\/www.instagram.com\/tryphenetrading\/","https:\/\/www.linkedin.com\/company\/tryphene-trading-consulting\/","https:\/\/www.tiktok.com\/@tryphenetrade"]}]}},"_links":{"self":[{"href":"https:\/\/ttcwa.com\/en\/wp-json\/wp\/v2\/pages\/812","targetHints":{"allow":["GET"]}}],"collection":[{"href":"https:\/\/ttcwa.com\/en\/wp-json\/wp\/v2\/pages"}],"about":[{"href":"https:\/\/ttcwa.com\/en\/wp-json\/wp\/v2\/types\/page"}],"author":[{"embeddable":true,"href":"https:\/\/ttcwa.com\/en\/wp-json\/wp\/v2\/users\/1"}],"replies":[{"embeddable":true,"href":"https:\/\/ttcwa.com\/en\/wp-json\/wp\/v2\/comments?post=812"}],"version-history":[{"count":0,"href":"https:\/\/ttcwa.com\/en\/wp-json\/wp\/v2\/pages\/812\/revisions"}],"wp:attachment":[{"href":"https:\/\/ttcwa.com\/en\/wp-json\/wp\/v2\/media?parent=812"}],"curies":[{"name":"wp","href":"https:\/\/api.w.org\/{rel}","templated":true}]}}