{"id":1807,"date":"2022-09-26T10:26:20","date_gmt":"2022-09-26T10:26:20","guid":{"rendered":"https:\/\/konstruktion.vamtam.com\/?page_id=1807"},"modified":"2025-10-31T08:28:55","modified_gmt":"2025-10-31T08:28:55","slug":"iletisim","status":"publish","type":"page","link":"https:\/\/ttcwa.com\/en\/iletisim\/","title":{"rendered":"Contact"},"content":{"rendered":"<div data-elementor-type=\"wp-page\" data-elementor-id=\"1807\" class=\"elementor elementor-1807\" data-elementor-post-type=\"page\">\n\t\t\t\t\t\t<section class=\"elementor-section elementor-top-section elementor-element elementor-element-0972ad7 elementor-section-boxed elementor-section-height-default elementor-section-height-default\" data-id=\"0972ad7\" data-element_type=\"section\" data-settings=\"{&quot;background_background&quot;:&quot;classic&quot;}\">\n\t\t\t\t\t\t<div class=\"elementor-container elementor-column-gap-no\">\n\t\t\t\t\t<div class=\"elementor-column elementor-col-50 elementor-top-column elementor-element elementor-element-0431278\" data-id=\"0431278\" data-element_type=\"column\">\n\t\t\t<div class=\"elementor-widget-wrap elementor-element-populated\">\n\t\t\t\t\t\t<div class=\"elementor-element elementor-element-d80b13a elementor-position-right elementor-widget__width-auto elementor-mobile-position-right elementor-widget-mobile__width-auto elementor-view-default elementor-invisible elementor-widget elementor-widget-icon-box\" data-id=\"d80b13a\" data-element_type=\"widget\" data-settings=\"{&quot;_animation&quot;:&quot;slideInUp&quot;,&quot;_animation_tablet&quot;:&quot;none&quot;}\" data-widget_type=\"icon-box.default\">\n\t\t\t\t<div class=\"elementor-widget-container\">\n\t\t\t\t\t\t\t<div class=\"elementor-icon-box-wrapper\">\n\n\t\t\t\t\t\t<div class=\"elementor-icon-box-icon\">\n\t\t\t\t<span  class=\"elementor-icon\">\n\t\t\t\t<i aria-hidden=\"true\" class=\"vamtamtheme- vamtam-theme-line-titles\"><\/i>\t\t\t\t<\/span>\n\t\t\t<\/div>\n\t\t\t\n\t\t\t\n\t\t<\/div>\n\t\t\t\t\t\t<\/div>\n\t\t\t\t<\/div>\n\t\t\t\t<div class=\"elementor-element elementor-element-9448a89 elementor-invisible elementor-widget elementor-widget-heading\" data-id=\"9448a89\" data-element_type=\"widget\" data-settings=\"{&quot;_animation&quot;:&quot;fadeIn&quot;,&quot;_animation_tablet&quot;:&quot;none&quot;,&quot;_animation_delay&quot;:500}\" data-widget_type=\"heading.default\">\n\t\t\t\t<div class=\"elementor-widget-container\">\n\t\t\t\t\t<h1 class=\"elementor-heading-title elementor-size-default\">We would like to hear from you<\/h1>\t\t\t\t<\/div>\n\t\t\t\t<\/div>\n\t\t\t\t<div class=\"elementor-element elementor-element-30371c9 elementor-widget elementor-widget-text-editor\" data-id=\"30371c9\" data-element_type=\"widget\" data-widget_type=\"text-editor.default\">\n\t\t\t\t<div class=\"elementor-widget-container\">\n\t\t\t\t\t\t\t\t\t<p>\u201cTTC \u2013 ABIDJAN TURKIYE OFFICE\u201d<\/p>\t\t\t\t\t\t\t\t<\/div>\n\t\t\t\t<\/div>\n\t\t\t\t\t<\/div>\n\t\t<\/div>\n\t\t\t\t<div class=\"elementor-column elementor-col-50 elementor-top-column elementor-element elementor-element-3a28aae\" data-id=\"3a28aae\" data-element_type=\"column\">\n\t\t\t<div class=\"elementor-widget-wrap\">\n\t\t\t\t\t\t\t<\/div>\n\t\t<\/div>\n\t\t\t\t\t<\/div>\n\t\t<\/section>\n\t\t\t\t<section class=\"elementor-section elementor-top-section elementor-element elementor-element-8a2d9cd elementor-section-boxed elementor-section-height-default elementor-section-height-default\" data-id=\"8a2d9cd\" data-element_type=\"section\">\n\t\t\t\t\t\t<div class=\"elementor-container elementor-column-gap-no\">\n\t\t\t\t\t<div class=\"elementor-column elementor-col-50 elementor-top-column elementor-element elementor-element-1087890\" data-id=\"1087890\" data-element_type=\"column\">\n\t\t\t<div class=\"elementor-widget-wrap elementor-element-populated\">\n\t\t\t\t\t\t<div class=\"elementor-element elementor-element-983abbb elementor-widget elementor-widget-text-editor\" data-id=\"983abbb\" data-element_type=\"widget\" data-widget_type=\"text-editor.default\">\n\t\t\t\t<div class=\"elementor-widget-container\">\n\t\t\t\t\t\t\t\t\t<p>You can contact us for any questions, suggestions, or feedback. <\/p><p>We will be happy to get back to you as soon as possible.<\/p>\t\t\t\t\t\t\t\t<\/div>\n\t\t\t\t<\/div>\n\t\t\t\t<div class=\"elementor-element elementor-element-3edd9a3 elementor-widget elementor-widget-html\" data-id=\"3edd9a3\" data-element_type=\"widget\" data-widget_type=\"html.default\">\n\t\t\t\t<div class=\"elementor-widget-container\">\n\t\t\t\t\t<iframe src=\"https:\/\/www.google.com\/maps\/embed?pb=!1m18!1m12!1m3!1d3972.8220411501816!2d-3.9793453695892333!3d5.290446054547921!2m3!1f0!2f0!3f0!3m2!1i1024!2i768!4f13.1!3m3!1m2!1s0xfc1efd6d0e45e91%3A0x8e9c20577e81929e!2sTRYPHENE%20TRADING%20%26%20CONSULTING!5e0!3m2!1sen!2sgr!4v1761899129742!5m2!1sen!2sgr\" width=\"600\" height=\"300\" style=\"border:0;\" allowfullscreen=\"\" loading=\"lazy\" referrerpolicy=\"no-referrer-when-downgrade\"><\/iframe>\t\t\t\t<\/div>\n\t\t\t\t<\/div>\n\t\t\t\t\t<\/div>\n\t\t<\/div>\n\t\t\t\t<div class=\"elementor-column elementor-col-50 elementor-top-column elementor-element elementor-element-33770a5\" data-id=\"33770a5\" data-element_type=\"column\">\n\t\t\t<div class=\"elementor-widget-wrap elementor-element-populated\">\n\t\t\t\t\t\t<div class=\"elementor-element elementor-element-a249c7e elementor-widget elementor-widget-heading\" data-id=\"a249c7e\" data-element_type=\"widget\" data-widget_type=\"heading.default\">\n\t\t\t\t<div class=\"elementor-widget-container\">\n\t\t\t\t\t<h3 class=\"elementor-heading-title elementor-size-default\">Main Office<\/h3>\t\t\t\t<\/div>\n\t\t\t\t<\/div>\n\t\t\t\t<div class=\"elementor-element elementor-element-f44d7dd elementor-position-left elementor-view-default elementor-mobile-position-top elementor-widget elementor-widget-icon-box\" data-id=\"f44d7dd\" data-element_type=\"widget\" data-widget_type=\"icon-box.default\">\n\t\t\t\t<div class=\"elementor-widget-container\">\n\t\t\t\t\t\t\t<div class=\"elementor-icon-box-wrapper\">\n\n\t\t\t\t\t\t<div class=\"elementor-icon-box-icon\">\n\t\t\t\t<span  class=\"elementor-icon\">\n\t\t\t\t<svg aria-hidden=\"true\" class=\"e-font-icon-svg e-far-map\" viewbox=\"0 0 576 512\" xmlns=\"http:\/\/www.w3.org\/2000\/svg\"><path d=\"M560.02 32c-1.96 0-3.98.37-5.96 1.16L384.01 96H384L212 35.28A64.252 64.252 0 0 0 191.76 32c-6.69 0-13.37 1.05-19.81 3.14L20.12 87.95A32.006 32.006 0 0 0 0 117.66v346.32C0 473.17 7.53 480 15.99 480c1.96 0 3.97-.37 5.96-1.16L192 416l172 60.71a63.98 63.98 0 0 0 40.05.15l151.83-52.81A31.996 31.996 0 0 0 576 394.34V48.02c0-9.19-7.53-16.02-15.98-16.02zM224 90.42l128 45.19v285.97l-128-45.19V90.42zM48 418.05V129.07l128-44.53v286.2l-.64.23L48 418.05zm480-35.13l-128 44.53V141.26l.64-.24L528 93.95v288.97z\"><\/path><\/svg>\t\t\t\t<\/span>\n\t\t\t<\/div>\n\t\t\t\n\t\t\t\t\t\t<div class=\"elementor-icon-box-content\">\n\n\t\t\t\t\t\t\t\t\t<p class=\"elementor-icon-box-title\">\n\t\t\t\t\t\t<span  >\n\t\t\t\t\t\t\tVisit Us\t\t\t\t\t\t<\/span>\n\t\t\t\t\t<\/p>\n\t\t\t\t\n\t\t\t\t\t\t\t\t\t<p class=\"elementor-icon-box-description\">\n\t\t\t\t\t\t Rue Pierre et Marie Crue 990,<br>Immeuble Fawaz, Etage 1, No : 101<br>Marcory Zone4C <br>Abidjan Cote d'Ivoire\t\t\t\t\t<\/p>\n\t\t\t\t\n\t\t\t<\/div>\n\t\t\t\n\t\t<\/div>\n\t\t\t\t\t\t<\/div>\n\t\t\t\t<\/div>\n\t\t\t\t<div class=\"elementor-element elementor-element-edf9d9d elementor-position-left elementor-view-default elementor-mobile-position-top elementor-widget elementor-widget-icon-box\" data-id=\"edf9d9d\" data-element_type=\"widget\" data-widget_type=\"icon-box.default\">\n\t\t\t\t<div class=\"elementor-widget-container\">\n\t\t\t\t\t\t\t<div class=\"elementor-icon-box-wrapper\">\n\n\t\t\t\t\t\t<div class=\"elementor-icon-box-icon\">\n\t\t\t\t<span  class=\"elementor-icon\">\n\t\t\t\t<svg aria-hidden=\"true\" class=\"e-font-icon-svg e-fas-mobile-alt\" viewbox=\"0 0 320 512\" xmlns=\"http:\/\/www.w3.org\/2000\/svg\"><path d=\"M272 0H48C21.5 0 0 21.5 0 48v416c0 26.5 21.5 48 48 48h224c26.5 0 48-21.5 48-48V48c0-26.5-21.5-48-48-48zM160 480c-17.7 0-32-14.3-32-32s14.3-32 32-32 32 14.3 32 32-14.3 32-32 32zm112-108c0 6.6-5.4 12-12 12H60c-6.6 0-12-5.4-12-12V60c0-6.6 5.4-12 12-12h200c6.6 0 12 5.4 12 12v312z\"><\/path><\/svg>\t\t\t\t<\/span>\n\t\t\t<\/div>\n\t\t\t\n\t\t\t\t\t\t<div class=\"elementor-icon-box-content\">\n\n\t\t\t\t\t\t\t\t\t<p class=\"elementor-icon-box-title\">\n\t\t\t\t\t\t<span  >\n\t\t\t\t\t\t\tCall Us\t\t\t\t\t\t<\/span>\n\t\t\t\t\t<\/p>\n\t\t\t\t\n\t\t\t\t\t\t\t\t\t<p class=\"elementor-icon-box-description\">\n\t\t\t\t\t\t(+225) 05 84 39 26 74\t\t\t\t\t<\/p>\n\t\t\t\t\n\t\t\t<\/div>\n\t\t\t\n\t\t<\/div>\n\t\t\t\t\t\t<\/div>\n\t\t\t\t<\/div>\n\t\t\t\t<div class=\"elementor-element elementor-element-fe1cda6 elementor-position-left elementor-view-default elementor-mobile-position-top elementor-widget elementor-widget-icon-box\" data-id=\"fe1cda6\" data-element_type=\"widget\" data-widget_type=\"icon-box.default\">\n\t\t\t\t<div class=\"elementor-widget-container\">\n\t\t\t\t\t\t\t<div class=\"elementor-icon-box-wrapper\">\n\n\t\t\t\t\t\t<div class=\"elementor-icon-box-icon\">\n\t\t\t\t<span  class=\"elementor-icon\">\n\t\t\t\t<svg aria-hidden=\"true\" class=\"e-font-icon-svg e-far-envelope\" viewbox=\"0 0 512 512\" xmlns=\"http:\/\/www.w3.org\/2000\/svg\"><path d=\"M464 64H48C21.49 64 0 85.49 0 112v288c0 26.51 21.49 48 48 48h416c26.51 0 48-21.49 48-48V112c0-26.51-21.49-48-48-48zm0 48v40.805c-22.422 18.259-58.168 46.651-134.587 106.49-16.841 13.247-50.201 45.072-73.413 44.701-23.208.375-56.579-31.459-73.413-44.701C106.18 199.465 70.425 171.067 48 152.805V112h416zM48 400V214.398c22.914 18.251 55.409 43.862 104.938 82.646 21.857 17.205 60.134 55.186 103.062 54.955 42.717.231 80.509-37.199 103.053-54.947 49.528-38.783 82.032-64.401 104.947-82.653V400H48z\"><\/path><\/svg>\t\t\t\t<\/span>\n\t\t\t<\/div>\n\t\t\t\n\t\t\t\t\t\t<div class=\"elementor-icon-box-content\">\n\n\t\t\t\t\t\t\t\t\t<p class=\"elementor-icon-box-title\">\n\t\t\t\t\t\t<span  >\n\t\t\t\t\t\t\tSend an E-mail\t\t\t\t\t\t<\/span>\n\t\t\t\t\t<\/p>\n\t\t\t\t\n\t\t\t\t\t\t\t\t\t<p class=\"elementor-icon-box-description\">\n\t\t\t\t\t\tinfo@ttcwa.com\t\t\t\t\t<\/p>\n\t\t\t\t\n\t\t\t<\/div>\n\t\t\t\n\t\t<\/div>\n\t\t\t\t\t\t<\/div>\n\t\t\t\t<\/div>\n\t\t\t\t\t<\/div>\n\t\t<\/div>\n\t\t\t\t\t<\/div>\n\t\t<\/section>\n\t\t<div class=\"elementor-element elementor-element-386e8fc e-grid e-con-boxed e-con e-parent\" data-id=\"386e8fc\" data-element_type=\"container\">\n\t\t\t\t\t<div class=\"e-con-inner\">\n\t\t\t\t<div class=\"elementor-element elementor-element-78d57b2 elementor-widget elementor-widget-image\" data-id=\"78d57b2\" data-element_type=\"widget\" data-widget_type=\"image.default\">\n\t\t\t\t<div class=\"elementor-widget-container\">\n\t\t\t\t\t\t\t\t\t\t\t\t\t\t\t\t<a href=\"https:\/\/ttcwa.com\/wp-content\/uploads\/2025\/10\/TTC_Bussines_Cards_page-0001.jpg\" data-elementor-open-lightbox=\"yes\" data-elementor-lightbox-title=\"TTC_Bussines_Cards_page-0001\" data-e-action-hash=\"#elementor-action%3Aaction%3Dlightbox%26settings%3DeyJpZCI6MTM4MzEsInVybCI6Imh0dHBzOlwvXC90dGN3YS5jb21cL3dwLWNvbnRlbnRcL3VwbG9hZHNcLzIwMjVcLzEwXC9UVENfQnVzc2luZXNfQ2FyZHNfcGFnZS0wMDAxLmpwZyJ9\">\n\t\t\t\t\t\t\t<img fetchpriority=\"high\" decoding=\"async\" width=\"563\" height=\"338\" src=\"https:\/\/ttcwa.com\/wp-content\/uploads\/2025\/10\/TTC_Bussines_Cards_page-0001.jpg\" class=\"attachment-large size-large wp-image-13831\" alt=\"\" srcset=\"https:\/\/ttcwa.com\/wp-content\/uploads\/2025\/10\/TTC_Bussines_Cards_page-0001.jpg 563w, https:\/\/ttcwa.com\/wp-content\/uploads\/2025\/10\/TTC_Bussines_Cards_page-0001-300x180.jpg 300w\" sizes=\"(max-width: 563px) 100vw, 563px\" \/>\t\t\t\t\t\t\t\t<\/a>\n\t\t\t\t\t\t\t\t\t\t\t\t\t\t\t<\/div>\n\t\t\t\t<\/div>\n\t\t\t\t<div class=\"elementor-element elementor-element-72cf136 elementor-widget elementor-widget-image\" data-id=\"72cf136\" data-element_type=\"widget\" data-widget_type=\"image.default\">\n\t\t\t\t<div class=\"elementor-widget-container\">\n\t\t\t\t\t\t\t\t\t\t\t\t\t\t\t\t<a href=\"https:\/\/ttcwa.com\/wp-content\/uploads\/2025\/10\/TTC_Bussines_Cards_page-0003.jpg\" data-elementor-open-lightbox=\"yes\" data-elementor-lightbox-title=\"TTC_Bussines_Cards_page-0003\" data-e-action-hash=\"#elementor-action%3Aaction%3Dlightbox%26settings%3DeyJpZCI6MTM4MzIsInVybCI6Imh0dHBzOlwvXC90dGN3YS5jb21cL3dwLWNvbnRlbnRcL3VwbG9hZHNcLzIwMjVcLzEwXC9UVENfQnVzc2luZXNfQ2FyZHNfcGFnZS0wMDAzLmpwZyJ9\">\n\t\t\t\t\t\t\t<img decoding=\"async\" width=\"563\" height=\"338\" src=\"https:\/\/ttcwa.com\/wp-content\/uploads\/2025\/10\/TTC_Bussines_Cards_page-0003.jpg\" class=\"attachment-large size-large wp-image-13832\" alt=\"\" srcset=\"https:\/\/ttcwa.com\/wp-content\/uploads\/2025\/10\/TTC_Bussines_Cards_page-0003.jpg 563w, https:\/\/ttcwa.com\/wp-content\/uploads\/2025\/10\/TTC_Bussines_Cards_page-0003-300x180.jpg 300w\" sizes=\"(max-width: 563px) 100vw, 563px\" \/>\t\t\t\t\t\t\t\t<\/a>\n\t\t\t\t\t\t\t\t\t\t\t\t\t\t\t<\/div>\n\t\t\t\t<\/div>\n\t\t\t\t<div class=\"elementor-element elementor-element-e46e4b4 elementor-widget elementor-widget-image\" data-id=\"e46e4b4\" data-element_type=\"widget\" data-widget_type=\"image.default\">\n\t\t\t\t<div class=\"elementor-widget-container\">\n\t\t\t\t\t\t\t\t\t\t\t\t\t\t\t\t<a href=\"https:\/\/ttcwa.com\/wp-content\/uploads\/2025\/10\/TTC_Bussines_Cards_page-0004.jpg\" data-elementor-open-lightbox=\"yes\" data-elementor-lightbox-title=\"TTC_Bussines_Cards_page-0004\" data-e-action-hash=\"#elementor-action%3Aaction%3Dlightbox%26settings%3DeyJpZCI6MTM4MzMsInVybCI6Imh0dHBzOlwvXC90dGN3YS5jb21cL3dwLWNvbnRlbnRcL3VwbG9hZHNcLzIwMjVcLzEwXC9UVENfQnVzc2luZXNfQ2FyZHNfcGFnZS0wMDA0LmpwZyJ9\">\n\t\t\t\t\t\t\t<img decoding=\"async\" width=\"563\" height=\"338\" src=\"https:\/\/ttcwa.com\/wp-content\/uploads\/2025\/10\/TTC_Bussines_Cards_page-0004.jpg\" class=\"attachment-large size-large wp-image-13833\" alt=\"\" srcset=\"https:\/\/ttcwa.com\/wp-content\/uploads\/2025\/10\/TTC_Bussines_Cards_page-0004.jpg 563w, https:\/\/ttcwa.com\/wp-content\/uploads\/2025\/10\/TTC_Bussines_Cards_page-0004-300x180.jpg 300w\" sizes=\"(max-width: 563px) 100vw, 563px\" \/>\t\t\t\t\t\t\t\t<\/a>\n\t\t\t\t\t\t\t\t\t\t\t\t\t\t\t<\/div>\n\t\t\t\t<\/div>\n\t\t\t\t\t<\/div>\n\t\t\t\t<\/div>\n\t\t\t\t<\/div>","protected":false},"excerpt":{"rendered":"<p>Sizden haber almay\u0131 \u00e7ok isteriz &#8220;TTC &#8211; ABIDJAN T\u00dcRK\u0130YE OF\u0130S\u0130&#8221; Her t\u00fcrl\u00fc soru, \u00f6neri veya geri bildirimleriniz i\u00e7in bizimle ileti\u015fime ge\u00e7ebilirsiniz. Size en k\u0131sa s\u00fcrede d\u00f6n\u00fc\u015f yapmaktan memnuniyet duyar\u0131z. Merkez Ofis Ziyaret Edin Rue Pierre et Marie Crue 990,Immeuble Fawaz, Etage 1, No : 101Marcory Zone4C Abidjan Cote d&#8217;Ivoire Bizi Aray\u0131n (+225) 05 84 39&#8230;<\/p>","protected":false},"author":1,"featured_media":0,"parent":0,"menu_order":0,"comment_status":"closed","ping_status":"closed","template":"","meta":{"footnotes":""},"class_list":["post-1807","page","type-page","status-publish","hentry"],"yoast_head":"<!-- This site is optimized with the Yoast SEO plugin v26.2 - https:\/\/yoast.com\/wordpress\/plugins\/seo\/ -->\n<title>\u0130leti\u015fim - Tryphene Trading &amp; Consulting<\/title>\n<meta name=\"robots\" content=\"index, follow, max-snippet:-1, max-image-preview:large, max-video-preview:-1\" \/>\n<link rel=\"canonical\" href=\"https:\/\/ttcwa.com\/en\/iletisim\/\" \/>\n<meta property=\"og:locale\" content=\"en_GB\" \/>\n<meta property=\"og:type\" content=\"article\" \/>\n<meta property=\"og:title\" content=\"\u0130leti\u015fim - Tryphene Trading &amp; Consulting\" \/>\n<meta property=\"og:description\" content=\"Sizden haber almay\u0131 \u00e7ok isteriz &#8220;TTC &#8211; ABIDJAN T\u00dcRK\u0130YE OF\u0130S\u0130&#8221; Her t\u00fcrl\u00fc soru, \u00f6neri veya geri bildirimleriniz i\u00e7in bizimle ileti\u015fime ge\u00e7ebilirsiniz. Size en k\u0131sa s\u00fcrede d\u00f6n\u00fc\u015f yapmaktan memnuniyet duyar\u0131z. Merkez Ofis Ziyaret Edin Rue Pierre et Marie Crue 990,Immeuble Fawaz, Etage 1, No : 101Marcory Zone4C Abidjan Cote d&#8217;Ivoire Bizi Aray\u0131n (+225) 05 84 39...\" \/>\n<meta property=\"og:url\" content=\"https:\/\/ttcwa.com\/en\/iletisim\/\" \/>\n<meta property=\"og:site_name\" content=\"Tryphene Trading &amp; Consulting\" \/>\n<meta property=\"article:publisher\" content=\"https:\/\/www.facebook.com\/TrypheneTrading\" \/>\n<meta property=\"article:modified_time\" content=\"2025-10-31T08:28:55+00:00\" \/>\n<meta property=\"og:image\" content=\"https:\/\/ttcwa.com\/wp-content\/uploads\/2025\/10\/TTC_Bussines_Cards_page-0001.jpg\" \/>\n<meta name=\"twitter:card\" content=\"summary_large_image\" \/>\n<meta name=\"twitter:label1\" content=\"Estimated reading time\" \/>\n\t<meta name=\"twitter:data1\" content=\"1 minute\" \/>\n<script type=\"application\/ld+json\" class=\"yoast-schema-graph\">{\"@context\":\"https:\/\/schema.org\",\"@graph\":[{\"@type\":\"WebPage\",\"@id\":\"https:\/\/ttcwa.com\/iletisim\/\",\"url\":\"https:\/\/ttcwa.com\/iletisim\/\",\"name\":\"\u0130leti\u015fim - Tryphene Trading &amp; Consulting\",\"isPartOf\":{\"@id\":\"https:\/\/ttcwa.com\/#website\"},\"primaryImageOfPage\":{\"@id\":\"https:\/\/ttcwa.com\/iletisim\/#primaryimage\"},\"image\":{\"@id\":\"https:\/\/ttcwa.com\/iletisim\/#primaryimage\"},\"thumbnailUrl\":\"https:\/\/ttcwa.com\/wp-content\/uploads\/2025\/10\/TTC_Bussines_Cards_page-0001.jpg\",\"datePublished\":\"2022-09-26T10:26:20+00:00\",\"dateModified\":\"2025-10-31T08:28:55+00:00\",\"breadcrumb\":{\"@id\":\"https:\/\/ttcwa.com\/iletisim\/#breadcrumb\"},\"inLanguage\":\"en-GB\",\"potentialAction\":[{\"@type\":\"ReadAction\",\"target\":[\"https:\/\/ttcwa.com\/iletisim\/\"]}]},{\"@type\":\"ImageObject\",\"inLanguage\":\"en-GB\",\"@id\":\"https:\/\/ttcwa.com\/iletisim\/#primaryimage\",\"url\":\"https:\/\/ttcwa.com\/wp-content\/uploads\/2025\/10\/TTC_Bussines_Cards_page-0001.jpg\",\"contentUrl\":\"https:\/\/ttcwa.com\/wp-content\/uploads\/2025\/10\/TTC_Bussines_Cards_page-0001.jpg\"},{\"@type\":\"BreadcrumbList\",\"@id\":\"https:\/\/ttcwa.com\/iletisim\/#breadcrumb\",\"itemListElement\":[{\"@type\":\"ListItem\",\"position\":1,\"name\":\"Home\",\"item\":\"https:\/\/ttcwa.com\/\"},{\"@type\":\"ListItem\",\"position\":2,\"name\":\"\u0130leti\u015fim\"}]},{\"@type\":\"WebSite\",\"@id\":\"https:\/\/ttcwa.com\/#website\",\"url\":\"https:\/\/ttcwa.com\/\",\"name\":\"Tryphene Trading &amp; Consulting\",\"description\":\"Connecting Markets, Creating Opportunities\",\"publisher\":{\"@id\":\"https:\/\/ttcwa.com\/#organization\"},\"potentialAction\":[{\"@type\":\"SearchAction\",\"target\":{\"@type\":\"EntryPoint\",\"urlTemplate\":\"https:\/\/ttcwa.com\/?s={search_term_string}\"},\"query-input\":{\"@type\":\"PropertyValueSpecification\",\"valueRequired\":true,\"valueName\":\"search_term_string\"}}],\"inLanguage\":\"en-GB\"},{\"@type\":\"Organization\",\"@id\":\"https:\/\/ttcwa.com\/#organization\",\"name\":\"Tryphene Trade & Consulting\",\"url\":\"https:\/\/ttcwa.com\/\",\"logo\":{\"@type\":\"ImageObject\",\"inLanguage\":\"en-GB\",\"@id\":\"https:\/\/ttcwa.com\/#\/schema\/logo\/image\/\",\"url\":\"https:\/\/ttcwa.com\/wp-content\/uploads\/2023\/04\/logo-no-bg.png\",\"contentUrl\":\"https:\/\/ttcwa.com\/wp-content\/uploads\/2023\/04\/logo-no-bg.png\",\"width\":1824,\"height\":582,\"caption\":\"Tryphene Trade & Consulting\"},\"image\":{\"@id\":\"https:\/\/ttcwa.com\/#\/schema\/logo\/image\/\"},\"sameAs\":[\"https:\/\/www.facebook.com\/TrypheneTrading\",\"https:\/\/www.instagram.com\/tryphenetrading\/\",\"https:\/\/www.linkedin.com\/company\/tryphene-trading-consulting\/\",\"https:\/\/www.tiktok.com\/@tryphenetrade\"]}]}<\/script>\n<!-- \/ Yoast SEO plugin. -->","yoast_head_json":{"title":"\u0130leti\u015fim - Tryphene Trading &amp; Consulting","robots":{"index":"index","follow":"follow","max-snippet":"max-snippet:-1","max-image-preview":"max-image-preview:large","max-video-preview":"max-video-preview:-1"},"canonical":"https:\/\/ttcwa.com\/en\/iletisim\/","og_locale":"en_GB","og_type":"article","og_title":"\u0130leti\u015fim - Tryphene Trading &amp; Consulting","og_description":"Sizden haber almay\u0131 \u00e7ok isteriz &#8220;TTC &#8211; ABIDJAN T\u00dcRK\u0130YE OF\u0130S\u0130&#8221; Her t\u00fcrl\u00fc soru, \u00f6neri veya geri bildirimleriniz i\u00e7in bizimle ileti\u015fime ge\u00e7ebilirsiniz. Size en k\u0131sa s\u00fcrede d\u00f6n\u00fc\u015f yapmaktan memnuniyet duyar\u0131z. Merkez Ofis Ziyaret Edin Rue Pierre et Marie Crue 990,Immeuble Fawaz, Etage 1, No : 101Marcory Zone4C Abidjan Cote d&#8217;Ivoire Bizi Aray\u0131n (+225) 05 84 39...","og_url":"https:\/\/ttcwa.com\/en\/iletisim\/","og_site_name":"Tryphene Trading &amp; Consulting","article_publisher":"https:\/\/www.facebook.com\/TrypheneTrading","article_modified_time":"2025-10-31T08:28:55+00:00","og_image":[{"url":"https:\/\/ttcwa.com\/wp-content\/uploads\/2025\/10\/TTC_Bussines_Cards_page-0001.jpg","type":"","width":"","height":""}],"twitter_card":"summary_large_image","twitter_misc":{"Estimated reading time":"1 minute"},"schema":{"@context":"https:\/\/schema.org","@graph":[{"@type":"WebPage","@id":"https:\/\/ttcwa.com\/iletisim\/","url":"https:\/\/ttcwa.com\/iletisim\/","name":"\u0130leti\u015fim - Tryphene Trading &amp; Consulting","isPartOf":{"@id":"https:\/\/ttcwa.com\/#website"},"primaryImageOfPage":{"@id":"https:\/\/ttcwa.com\/iletisim\/#primaryimage"},"image":{"@id":"https:\/\/ttcwa.com\/iletisim\/#primaryimage"},"thumbnailUrl":"https:\/\/ttcwa.com\/wp-content\/uploads\/2025\/10\/TTC_Bussines_Cards_page-0001.jpg","datePublished":"2022-09-26T10:26:20+00:00","dateModified":"2025-10-31T08:28:55+00:00","breadcrumb":{"@id":"https:\/\/ttcwa.com\/iletisim\/#breadcrumb"},"inLanguage":"en-GB","potentialAction":[{"@type":"ReadAction","target":["https:\/\/ttcwa.com\/iletisim\/"]}]},{"@type":"ImageObject","inLanguage":"en-GB","@id":"https:\/\/ttcwa.com\/iletisim\/#primaryimage","url":"https:\/\/ttcwa.com\/wp-content\/uploads\/2025\/10\/TTC_Bussines_Cards_page-0001.jpg","contentUrl":"https:\/\/ttcwa.com\/wp-content\/uploads\/2025\/10\/TTC_Bussines_Cards_page-0001.jpg"},{"@type":"BreadcrumbList","@id":"https:\/\/ttcwa.com\/iletisim\/#breadcrumb","itemListElement":[{"@type":"ListItem","position":1,"name":"Home","item":"https:\/\/ttcwa.com\/"},{"@type":"ListItem","position":2,"name":"\u0130leti\u015fim"}]},{"@type":"WebSite","@id":"https:\/\/ttcwa.com\/#website","url":"https:\/\/ttcwa.com\/","name":"Tryphene Trading &amp; Consulting","description":"Connecting Markets, Creating Opportunities","publisher":{"@id":"https:\/\/ttcwa.com\/#organization"},"potentialAction":[{"@type":"SearchAction","target":{"@type":"EntryPoint","urlTemplate":"https:\/\/ttcwa.com\/?s={search_term_string}"},"query-input":{"@type":"PropertyValueSpecification","valueRequired":true,"valueName":"search_term_string"}}],"inLanguage":"en-GB"},{"@type":"Organization","@id":"https:\/\/ttcwa.com\/#organization","name":"Tryphene Trade & Consulting","url":"https:\/\/ttcwa.com\/","logo":{"@type":"ImageObject","inLanguage":"en-GB","@id":"https:\/\/ttcwa.com\/#\/schema\/logo\/image\/","url":"https:\/\/ttcwa.com\/wp-content\/uploads\/2023\/04\/logo-no-bg.png","contentUrl":"https:\/\/ttcwa.com\/wp-content\/uploads\/2023\/04\/logo-no-bg.png","width":1824,"height":582,"caption":"Tryphene Trade & Consulting"},"image":{"@id":"https:\/\/ttcwa.com\/#\/schema\/logo\/image\/"},"sameAs":["https:\/\/www.facebook.com\/TrypheneTrading","https:\/\/www.instagram.com\/tryphenetrading\/","https:\/\/www.linkedin.com\/company\/tryphene-trading-consulting\/","https:\/\/www.tiktok.com\/@tryphenetrade"]}]}},"_links":{"self":[{"href":"https:\/\/ttcwa.com\/en\/wp-json\/wp\/v2\/pages\/1807","targetHints":{"allow":["GET"]}}],"collection":[{"href":"https:\/\/ttcwa.com\/en\/wp-json\/wp\/v2\/pages"}],"about":[{"href":"https:\/\/ttcwa.com\/en\/wp-json\/wp\/v2\/types\/page"}],"author":[{"embeddable":true,"href":"https:\/\/ttcwa.com\/en\/wp-json\/wp\/v2\/users\/1"}],"replies":[{"embeddable":true,"href":"https:\/\/ttcwa.com\/en\/wp-json\/wp\/v2\/comments?post=1807"}],"version-history":[{"count":0,"href":"https:\/\/ttcwa.com\/en\/wp-json\/wp\/v2\/pages\/1807\/revisions"}],"wp:attachment":[{"href":"https:\/\/ttcwa.com\/en\/wp-json\/wp\/v2\/media?parent=1807"}],"curies":[{"name":"wp","href":"https:\/\/api.w.org\/{rel}","templated":true}]}}